{"id":4890,"date":"2024-10-23T14:12:17","date_gmt":"2024-10-23T12:12:17","guid":{"rendered":"https:\/\/setclub.com\/proshop\/"},"modified":"2024-11-12T14:04:02","modified_gmt":"2024-11-12T13:04:02","slug":"proshop","status":"publish","type":"page","link":"https:\/\/setclub.com\/en\/proshop\/","title":{"rendered":"Proshop"},"content":{"rendered":"<div id=\"\" class=\"wp-block-page-header relative bg-black\">\n                  <div class=\"page-header py-16 min-h-[380px] md:h-[440px]  lg:h-[600px] flex items-center justify-center relative px-6\">\n          <div class=\"absolute inset-0 overflow-hidden\">\n              <img loading=\"lazy\" decoding=\"async\" width=\"2560\" height=\"1707\" src=\"https:\/\/setclub.com\/app\/uploads\/2024\/11\/SetClub2-2024-0056-scaled.jpg\" class=\"object-cover w-full h-full\" alt=\"boutique proshop sport et lifestyle \u00e0 aix-en-provence\" srcset=\"https:\/\/setclub.com\/app\/uploads\/2024\/11\/SetClub2-2024-0056-scaled.jpg 2560w, https:\/\/setclub.com\/app\/uploads\/2024\/11\/SetClub2-2024-0056-300x200.jpg 300w, https:\/\/setclub.com\/app\/uploads\/2024\/11\/SetClub2-2024-0056-1024x683.jpg 1024w, https:\/\/setclub.com\/app\/uploads\/2024\/11\/SetClub2-2024-0056-768x512.jpg 768w, https:\/\/setclub.com\/app\/uploads\/2024\/11\/SetClub2-2024-0056-1536x1024.jpg 1536w, https:\/\/setclub.com\/app\/uploads\/2024\/11\/SetClub2-2024-0056-2048x1365.jpg 2048w\" sizes=\"(max-width: 2560px) 100vw, 2560px\" \/>\n          <\/div>\n          <div class=\"absolute inset-0 bg-black\/20\"><\/div>\n          <div class=\"block--block_animated aos-init\" data-aos=\"fade\" data-aos-offset=\"-300\" data-aos-delay=\"\" data-aos-duration=\"1000\" data-aos-easing=\"ease\" data-aos-mirror=\"true\" data-aos-once=\"false\" data-aos-anchor-placement=\"top-center\">\n            <h1 class=\"relative text-header-mobile md:text-header text-center text-white\">Style and performance, <br \/>\r\nat your fingertips<\/h1>\n          <\/div>\n        <\/div>\n            <\/div>\n\n\n\n\n\n<div id=\"\" class=\"wp-block-introduction-page relative\">\n    <div class=\"container text-center\">\n      <div class=\"block--block_animated aos-init\" data-aos=\"fade-up\" data-aos-offset=\"-300\" data-aos-delay=\"\" data-aos-duration=\"1200\" data-aos-easing=\"ease\" data-aos-mirror=\"true\" data-aos-once=\"false\" data-aos-anchor-placement=\"top-center\">\n        <div class=\"max-w-2xl mx-auto py-8 md:py-20 lg:py-24\">\n                    \n                      <div class=\"text-[18px] md:text-[20px]\"><p>Discover a unique space dedicated to sports enthusiasts and style lovers. In collaboration with boutique <strong>Lulli<\/strong>, our exclusive selection features popular brands such as <strong>Marc Jacobs<\/strong>, <strong>Autry<\/strong>, and <strong>Notshy<\/strong>, not to mention our own setclub range, which offers quality sportswear and ready-to-wear from <strong>Hero Seven<\/strong>. Whether you&#8217;re an athlete looking for top-quality tennis or padel equipment, or simply looking for fashionable items to enhance your look, our <strong>Proshop<\/strong> has everything you need!<\/p>\n<p><strong>Open 7\/7 !<\/strong><\/p>\n<\/div>\n          \n                  <\/div>\n      <\/div>\n    <\/div>\n  <\/div>\n\n\n<div id=\"\" class=\"wp-block-cards-pictos py-12\">\n    <div class=\"container\">\n      <div class=\"block--block_animated aos-init\" data-aos=\"fade-up\" data-aos-offset=\"-300\" data-aos-delay=\"\" data-aos-duration=\"1200\" data-aos-easing=\"ease\" data-aos-mirror=\"true\" data-aos-once=\"false\" data-aos-anchor-placement=\"top-center\">\n      <h2 class=\"text-center block mb-16 md:mb-24  \">\n          <span class=\"text-titlemobile md:text-title\">Why you should visit<\/span>\n              <div class=\"font-hand text-gold text-[70px] md:text-titlehandwritting md:leading-[120px] font-normal md:-mt-6\">our Proshop ?<\/div>\n      <\/h2>\n\n              <div class=\"flex flex-col md:flex-row flex-wrap justify-center md:flex-nowrap md:justify-between gap-4 md:gap-6 lg:gap-10 xl:gap-14\">\n                      <div class=\"basis-0 flex-grow\">\n    <div class=\"w-[120px] h-[120px] mx-auto mb-4\">\n      <img loading=\"lazy\" decoding=\"async\" width=\"122\" height=\"122\" src=\"https:\/\/setclub.com\/app\/uploads\/2024\/06\/Group-309.png\" class=\"object-contain object-center w-full h-full\" alt=\"\" \/>\n    <\/div>\n    <div class=\"font-bold text-2xl md:text-3xl uppercase mb-2 text-center\">High-quality equipment<\/div>\n  <div class=\"text-base prose-xl prose-ul:pl-4 marker:text-black text-center\"><p>A collection dedicated to tennis and padel, designed to help you excel on the court.<\/p>\n<\/div>\n<\/div>\n                      <div class=\"basis-0 flex-grow\">\n    <div class=\"w-[120px] h-[120px] mx-auto mb-4\">\n      <img loading=\"lazy\" decoding=\"async\" width=\"122\" height=\"122\" src=\"https:\/\/setclub.com\/app\/uploads\/2024\/10\/Design-sans-titre-10.png\" class=\"object-contain object-center w-full h-full\" alt=\"icon v\u00eatement\" \/>\n    <\/div>\n    <div class=\"font-bold text-2xl md:text-3xl uppercase mb-2 text-center\">Day-to-day style<\/div>\n  <div class=\"text-base prose-xl prose-ul:pl-4 marker:text-black text-center\"><p>Find clothing and accessories that combine comfort and elegance, whether for your moments of relaxation, your sports sessions or your days at work.<\/p>\n<\/div>\n<\/div>\n                      <div class=\"basis-0 flex-grow\">\n    <div class=\"w-[120px] h-[120px] mx-auto mb-4\">\n      <img loading=\"lazy\" decoding=\"async\" width=\"122\" height=\"122\" src=\"https:\/\/setclub.com\/app\/uploads\/2024\/10\/Design-sans-titre-11.png\" class=\"object-contain object-center w-full h-full\" alt=\"icon \u00e9toile\" \/>\n    <\/div>\n    <div class=\"font-bold text-2xl md:text-3xl uppercase mb-2 text-center\">An inspiring universe<\/div>\n  <div class=\"text-base prose-xl prose-ul:pl-4 marker:text-black text-center\"><p>Immerse yourself in a space where every item is carefully selected to satisfy your desires.<\/p>\n<\/div>\n<\/div>\n                  <\/div>\n      \n      <\/div>\n    <\/div>\n    <div>\n      \n    <\/div>\n  <\/div>\n\n\n<div id=\"\" class=\"wp-block-slider-image\">\n    \n    <div class=\"splide splide--images splide--full\">\n      <div class=\"splide__track\">\n        <ul class=\"splide__list\">\n                      <li class=\"splide__slide\">\n              <img loading=\"lazy\" decoding=\"async\" width=\"2560\" height=\"1707\" src=\"https:\/\/setclub.com\/app\/uploads\/2024\/11\/SetClub2-2024-0093-scaled.jpg\" class=\"w-full h-full object-cover\" alt=\"boutique proshop sport et lifestyle \u00e0 aix-en-provence\" srcset=\"https:\/\/setclub.com\/app\/uploads\/2024\/11\/SetClub2-2024-0093-scaled.jpg 2560w, https:\/\/setclub.com\/app\/uploads\/2024\/11\/SetClub2-2024-0093-300x200.jpg 300w, https:\/\/setclub.com\/app\/uploads\/2024\/11\/SetClub2-2024-0093-1024x683.jpg 1024w, https:\/\/setclub.com\/app\/uploads\/2024\/11\/SetClub2-2024-0093-768x512.jpg 768w, https:\/\/setclub.com\/app\/uploads\/2024\/11\/SetClub2-2024-0093-1536x1024.jpg 1536w, https:\/\/setclub.com\/app\/uploads\/2024\/11\/SetClub2-2024-0093-2048x1365.jpg 2048w\" sizes=\"(max-width: 2560px) 100vw, 2560px\" \/>\n            <\/li>\n                      <li class=\"splide__slide\">\n              <img loading=\"lazy\" decoding=\"async\" width=\"1707\" height=\"2560\" src=\"https:\/\/setclub.com\/app\/uploads\/2024\/11\/SetClub2-2024-0092-scaled.jpg\" class=\"w-full h-full object-cover\" alt=\"boutique proshop sport et lifestyle \u00e0 aix-en-provence\" srcset=\"https:\/\/setclub.com\/app\/uploads\/2024\/11\/SetClub2-2024-0092-scaled.jpg 1707w, https:\/\/setclub.com\/app\/uploads\/2024\/11\/SetClub2-2024-0092-200x300.jpg 200w, https:\/\/setclub.com\/app\/uploads\/2024\/11\/SetClub2-2024-0092-683x1024.jpg 683w, https:\/\/setclub.com\/app\/uploads\/2024\/11\/SetClub2-2024-0092-768x1152.jpg 768w, https:\/\/setclub.com\/app\/uploads\/2024\/11\/SetClub2-2024-0092-1024x1536.jpg 1024w, https:\/\/setclub.com\/app\/uploads\/2024\/11\/SetClub2-2024-0092-1365x2048.jpg 1365w\" sizes=\"(max-width: 1707px) 100vw, 1707px\" \/>\n            <\/li>\n                      <li class=\"splide__slide\">\n              <img loading=\"lazy\" decoding=\"async\" width=\"2560\" height=\"1707\" src=\"https:\/\/setclub.com\/app\/uploads\/2024\/11\/SetClub2-2024-0088-scaled.jpg\" class=\"w-full h-full object-cover\" alt=\"boutique proshop sport et lifestyle \u00e0 aix-en-provence\" srcset=\"https:\/\/setclub.com\/app\/uploads\/2024\/11\/SetClub2-2024-0088-scaled.jpg 2560w, https:\/\/setclub.com\/app\/uploads\/2024\/11\/SetClub2-2024-0088-300x200.jpg 300w, https:\/\/setclub.com\/app\/uploads\/2024\/11\/SetClub2-2024-0088-1024x683.jpg 1024w, https:\/\/setclub.com\/app\/uploads\/2024\/11\/SetClub2-2024-0088-768x512.jpg 768w, https:\/\/setclub.com\/app\/uploads\/2024\/11\/SetClub2-2024-0088-1536x1024.jpg 1536w, https:\/\/setclub.com\/app\/uploads\/2024\/11\/SetClub2-2024-0088-2048x1365.jpg 2048w\" sizes=\"(max-width: 2560px) 100vw, 2560px\" \/>\n            <\/li>\n                  <\/ul>\n      <\/div>\n    <\/div>\n\n  <\/div>\n\n\n<div class=\"block--block_animated aos-init\" data-aos=\"fade-up\" data-aos-offset=\"-300\" data-aos-delay=\"\" data-aos-duration=\"1200\" data-aos-easing=\"ease\" data-aos-mirror=\"true\" data-aos-once=\"false\" data-aos-anchor-placement=\"top-center\">\n    <div class=\"block-cta-bounce overflow-hidden pt-8 lg:pt-24 wp-block-cta-bounce\">\n      <div class=\"xl:container\">\n                  <div class=\"text-center pb-8 md:pb-16\">\n            <h2>Complete your experience<\/h2>\n          <\/div>\n                \n        \n        <div class=\"splide splide--offers max-w-[300px] md:max-w-[590px] mx-auto\">\n          <div class=\"splide__track overflow-visible\">\n            <ul class=\"splide__list\">\n                              \n                <li class=\"splide__slide max-w-[300px] md:max-w-[590px] h-[340px] md:h-[620px] relative flex items-center justify-center z-5\">\n                  <div class=\"overflow-hidden rounded-t-full absolute inset-0\">\n                    <img loading=\"lazy\" decoding=\"async\" width=\"2560\" height=\"1600\" src=\"https:\/\/setclub.com\/app\/uploads\/2024\/06\/FREMONT_SET_CLUB_SPA_HD_2-scaled.jpg\" class=\"w-full h-full object-cover\" alt=\"\" srcset=\"https:\/\/setclub.com\/app\/uploads\/2024\/06\/FREMONT_SET_CLUB_SPA_HD_2-scaled.jpg 2560w, https:\/\/setclub.com\/app\/uploads\/2024\/06\/FREMONT_SET_CLUB_SPA_HD_2-300x188.jpg 300w, https:\/\/setclub.com\/app\/uploads\/2024\/06\/FREMONT_SET_CLUB_SPA_HD_2-1024x640.jpg 1024w, https:\/\/setclub.com\/app\/uploads\/2024\/06\/FREMONT_SET_CLUB_SPA_HD_2-768x480.jpg 768w, https:\/\/setclub.com\/app\/uploads\/2024\/06\/FREMONT_SET_CLUB_SPA_HD_2-1536x960.jpg 1536w, https:\/\/setclub.com\/app\/uploads\/2024\/06\/FREMONT_SET_CLUB_SPA_HD_2-2048x1280.jpg 2048w\" sizes=\"(max-width: 2560px) 100vw, 2560px\" \/>\n                    <div class=\"bg-black\/20 absolute inset-0\"><\/div>\n                  <\/div>\n                  <div class=\"relative z-10\">\n                                          <a class=\"font-bold text-white text-[40px] hover:text-black transition-colors lg:text-6xl\" href=\"https:\/\/setclub.com\/en\/hotel\/spa\/\">Spa<\/a>\n                                      <\/div>\n                <\/li>\n                              \n                <li class=\"splide__slide max-w-[300px] md:max-w-[590px] h-[340px] md:h-[620px] relative flex items-center justify-center z-5\">\n                  <div class=\"overflow-hidden rounded-t-full absolute inset-0\">\n                    <img loading=\"lazy\" decoding=\"async\" width=\"1024\" height=\"683\" src=\"https:\/\/setclub.com\/app\/uploads\/2024\/06\/SetClubAix-102.jpg\" class=\"w-full h-full object-cover\" alt=\"club priv\u00e9 et h\u00f4tel de luxe avec terrains de tennis \u00e0 aix-en-provence\" srcset=\"https:\/\/setclub.com\/app\/uploads\/2024\/06\/SetClubAix-102.jpg 1024w, https:\/\/setclub.com\/app\/uploads\/2024\/06\/SetClubAix-102-300x200.jpg 300w, https:\/\/setclub.com\/app\/uploads\/2024\/06\/SetClubAix-102-768x512.jpg 768w\" sizes=\"(max-width: 1024px) 100vw, 1024px\" \/>\n                    <div class=\"bg-black\/20 absolute inset-0\"><\/div>\n                  <\/div>\n                  <div class=\"relative z-10\">\n                                          <a class=\"font-bold text-white text-[40px] hover:text-black transition-colors lg:text-6xl\" href=\"https:\/\/setclub.com\/en\/sports\/\">Sports<\/a>\n                                      <\/div>\n                <\/li>\n                              \n                <li class=\"splide__slide max-w-[300px] md:max-w-[590px] h-[340px] md:h-[620px] relative flex items-center justify-center z-5\">\n                  <div class=\"overflow-hidden rounded-t-full absolute inset-0\">\n                    <img loading=\"lazy\" decoding=\"async\" width=\"1024\" height=\"683\" src=\"https:\/\/setclub.com\/app\/uploads\/2024\/06\/SetClubAix-142.jpeg\" class=\"w-full h-full object-cover\" alt=\"\" srcset=\"https:\/\/setclub.com\/app\/uploads\/2024\/06\/SetClubAix-142.jpeg 1024w, https:\/\/setclub.com\/app\/uploads\/2024\/06\/SetClubAix-142-300x200.jpeg 300w, https:\/\/setclub.com\/app\/uploads\/2024\/06\/SetClubAix-142-768x512.jpeg 768w\" sizes=\"(max-width: 1024px) 100vw, 1024px\" \/>\n                    <div class=\"bg-black\/20 absolute inset-0\"><\/div>\n                  <\/div>\n                  <div class=\"relative z-10\">\n                                          <a class=\"font-bold text-white text-[40px] hover:text-black transition-colors lg:text-6xl\" href=\"https:\/\/setclub.com\/en\/restaurants\/\">Restaurants<\/a>\n                                      <\/div>\n                <\/li>\n                              \n                <li class=\"splide__slide max-w-[300px] md:max-w-[590px] h-[340px] md:h-[620px] relative flex items-center justify-center z-5\">\n                  <div class=\"overflow-hidden rounded-t-full absolute inset-0\">\n                    <img loading=\"lazy\" decoding=\"async\" width=\"1024\" height=\"683\" src=\"https:\/\/setclub.com\/app\/uploads\/2024\/06\/SetClubAix-23.jpg\" class=\"w-full h-full object-cover\" alt=\"\" srcset=\"https:\/\/setclub.com\/app\/uploads\/2024\/06\/SetClubAix-23.jpg 1024w, https:\/\/setclub.com\/app\/uploads\/2024\/06\/SetClubAix-23-300x200.jpg 300w, https:\/\/setclub.com\/app\/uploads\/2024\/06\/SetClubAix-23-768x512.jpg 768w\" sizes=\"(max-width: 1024px) 100vw, 1024px\" \/>\n                    <div class=\"bg-black\/20 absolute inset-0\"><\/div>\n                  <\/div>\n                  <div class=\"relative z-10\">\n                                          <a class=\"font-bold text-white text-[40px] hover:text-black transition-colors lg:text-6xl\" href=\"https:\/\/setclub.com\/en\/hotel\/\">H\u00f4tel<\/a>\n                                      <\/div>\n                <\/li>\n                              \n                <li class=\"splide__slide max-w-[300px] md:max-w-[590px] h-[340px] md:h-[620px] relative flex items-center justify-center z-5\">\n                  <div class=\"overflow-hidden rounded-t-full absolute inset-0\">\n                    <img loading=\"lazy\" decoding=\"async\" width=\"1024\" height=\"683\" src=\"https:\/\/setclub.com\/app\/uploads\/2024\/06\/SetClubAix-61.jpg\" class=\"w-full h-full object-cover\" alt=\"club priv\u00e9 et h\u00f4tel de luxe avec piscines \u00e0 aix-en-provence\" srcset=\"https:\/\/setclub.com\/app\/uploads\/2024\/06\/SetClubAix-61.jpg 1024w, https:\/\/setclub.com\/app\/uploads\/2024\/06\/SetClubAix-61-300x200.jpg 300w, https:\/\/setclub.com\/app\/uploads\/2024\/06\/SetClubAix-61-768x512.jpg 768w\" sizes=\"(max-width: 1024px) 100vw, 1024px\" \/>\n                    <div class=\"bg-black\/20 absolute inset-0\"><\/div>\n                  <\/div>\n                  <div class=\"relative z-10\">\n                                          <a class=\"font-bold text-white text-[40px] hover:text-black transition-colors lg:text-6xl\" href=\"https:\/\/setclub.com\/en\/private-club\/\">Club priv\u00e9<\/a>\n                                      <\/div>\n                <\/li>\n                          <\/ul>\n          <\/div>\n        <\/div>\n      <\/div>\n    <\/div>\n  <\/div>\n","protected":false},"excerpt":{"rendered":"","protected":false},"author":2,"featured_media":0,"parent":0,"menu_order":0,"comment_status":"closed","ping_status":"closed","template":"","meta":{"_acf_changed":false,"_seopress_robots_primary_cat":"0","_seopress_titles_title":"Proshop at setclub | Gear Up for Performance and Style","_seopress_titles_desc":"Find premium sportswear and accessories at setclub\u2019s Proshop. High-performance gear and stylish apparel for all your sporting needs.","_seopress_robots_index":"","inline_featured_image":false,"_monsterinsights_skip_tracking":false,"_monsterinsights_sitenote_active":false,"_monsterinsights_sitenote_note":"","_monsterinsights_sitenote_category":0,"footnotes":""},"acf":[],"_links":{"self":[{"href":"https:\/\/setclub.com\/en\/wp-json\/wp\/v2\/pages\/4890"}],"collection":[{"href":"https:\/\/setclub.com\/en\/wp-json\/wp\/v2\/pages"}],"about":[{"href":"https:\/\/setclub.com\/en\/wp-json\/wp\/v2\/types\/page"}],"author":[{"embeddable":true,"href":"https:\/\/setclub.com\/en\/wp-json\/wp\/v2\/users\/2"}],"replies":[{"embeddable":true,"href":"https:\/\/setclub.com\/en\/wp-json\/wp\/v2\/comments?post=4890"}],"version-history":[{"count":7,"href":"https:\/\/setclub.com\/en\/wp-json\/wp\/v2\/pages\/4890\/revisions"}],"predecessor-version":[{"id":5375,"href":"https:\/\/setclub.com\/en\/wp-json\/wp\/v2\/pages\/4890\/revisions\/5375"}],"wp:attachment":[{"href":"https:\/\/setclub.com\/en\/wp-json\/wp\/v2\/media?parent=4890"}],"curies":[{"name":"wp","href":"https:\/\/api.w.org\/{rel}","templated":true}]}}